{"id":470,"date":"2023-01-21T01:19:09","date_gmt":"2023-01-21T00:19:09","guid":{"rendered":"http:\/\/serwer2332110.home.pl\/autoinstalator\/wordpressplugins\/?page_id=470"},"modified":"2023-04-12T16:35:34","modified_gmt":"2023-04-12T14:35:34","slug":"ubezpieczenia","status":"publish","type":"page","link":"http:\/\/www.colmar-ubezpieczenia.pl\/","title":{"rendered":"Ubezpieczenia"},"content":{"rendered":"<p><img loading=\"lazy\" decoding=\"async\" src=\"http:\/\/serwer2332110.home.pl\/autoinstalator\/wordpressplugins\/wp-content\/uploads\/2023\/02\/Start.jpg\" sizes=\"auto, (max-width: 730px) 100vw, 730px\" srcset=\"https:\/\/serwer2332110.home.pl\/autoinstalator\/wordpressplugins\/wp-content\/uploads\/2023\/02\/Start.jpg 730w, https:\/\/serwer2332110.home.pl\/autoinstalator\/wordpressplugins\/wp-content\/uploads\/2023\/02\/Start-300x165.jpg 300w\" alt=\"\" width=\"730\" height=\"402\" \/><\/p>\n<p><strong>WITAMY SERDECZNIE NA STRONIE Agencji Ubezpieczeniowej COLMAR<br \/>\n<\/strong><\/p>\n<p>COLMAR s.c. dzia\u0142a na rynku ubezpieczeniowym od roku 1994.<\/p>\n<p>W ofercie naszej firmy znajdziecie Pa\u0144stwo ubezpieczenia komunikacyjne OC,\u00a0AC, ubezpieczenie mieszka\u0144, dom\u00f3w, ubezpieczenia podr\u00f3\u017cne, koszt\u00f3w leczenia, NNW<br \/>\ni wiele innych w tym ubezpieczenia na \u017cycie.<br \/>\nOferujemy r\u00f3wnie\u017c kompleksowe ubezpieczenia dla firm, ubezpieczenia grupowe, OC\u00a0dzia\u0142alno\u015bci gospodarczej oraz ubezpieczenia finansowe, kontraktowe i gwarancje wadialne.<\/p>\n<p>Obs\u0142ugujemy klient\u00f3w z terenu Warszawy i najbli\u017cszych okolic.<\/p>\n<p>Zapraszamy do zapoznania si\u0119 z nasz\u0105 ofert\u0105 ubezpieczeniow\u0105, a w razie pyta\u0144, do\u00a0kontaktu z naszym biurem.<\/p>\n<div class=\"ti-widget ti-goog\" data-layout-id=\"4\" data-set-id=\"light-background\" data-pid=\"b5167179c03e50ec942cb\" data-pager-autoplay-timeout=\"6\" > <div class=\"ti-widget-container ti-col-3\"> <div class=\"ti-reviews-container\"> <div class=\"ti-controls\"> <div class=\"ti-next\"><\/div> <div class=\"ti-prev\"><\/div> <\/div> <div class=\"ti-reviews-container-wrapper\">  <div data-empty=\"0\" class=\"ti-review-item source-Google\" > <div class=\"ti-inner\"> <div class=\"ti-review-header\"> <div class=\"ti-profile-img\"> <img decoding=\"async\" src=\"https:\/\/lh3.googleusercontent.com\/a\/AEdFTp47nMASwjUVHD4WjLokGjUtVGogyM3wL3VdIhF4=s120-c-c-rp-w64-h64-mo-br100\" alt=\"Aleksandra Grabarska\" \/> <\/div> <div class=\"ti-profile-details\"> <div class=\"ti-name\"> Aleksandra Grabarska <\/div> <div class=\"ti-date\"><\/div> <\/div> <\/div> <span class=\"ti-stars\"><span class=\"ti-star f\"><\/span><span class=\"ti-star f\"><\/span><span class=\"ti-star f\"><\/span><span class=\"ti-star f\"><\/span><span class=\"ti-star f\"><\/span><\/span> <div class=\"ti-review-content\"><!-- R-CONTENT -->Bardzo polecam. Us\u0142ugi pe\u0142nione s\u0105 na wysokim poziomie za ka\u017cdym razem. Proces jest klarowny, przemili i profesjonalni agenci przedstawiaj\u0105  informacje o zakresie ubezpieczenia bardzo klarownie i dopasowuj\u0105 ofert\u0119 do potrzeb. Zakup ubezpieczenia zdalnie jest bardzo prosty i intuicyjny. Istnieje wiele mo\u017cliwo\u015bci p\u0142atno\u015bci. Napewno wr\u00f3c\u0119 do Colmar!<!-- R-CONTENT --><\/div> <span class=\"ti-read-more\" data-container=\".ti-review-content\" data-collapse-text=\"Ukryj\" data-open-text=\"Czytaj wi\u0119cej\"><\/span> <\/div> <\/div>  <div data-empty=\"0\" class=\"ti-review-item source-Google\" > <div class=\"ti-inner\"> <div class=\"ti-review-header\"> <div class=\"ti-profile-img\"> <img decoding=\"async\" src=\"https:\/\/lh3.googleusercontent.com\/a\/AEdFTp7mfggFUGHcsWVD2s_nMITwI3TvF-3GbeyTd7Gt=s120-c-c-rp-w64-h64-mo-br100\" alt=\"marcin stolarczyk\" \/> <\/div> <div class=\"ti-profile-details\"> <div class=\"ti-name\"> marcin stolarczyk <\/div> <div class=\"ti-date\"><\/div> <\/div> <\/div> <span class=\"ti-stars\"><span class=\"ti-star f\"><\/span><span class=\"ti-star f\"><\/span><span class=\"ti-star f\"><\/span><span class=\"ti-star f\"><\/span><span class=\"ti-star f\"><\/span><\/span> <div class=\"ti-review-content\"><!-- R-CONTENT -->Najlepsi w regionie, tu pierwszy zawsze jest klient to wida\u0107, s\u0142ycha\u0107 i czu\u0107<!-- R-CONTENT --><\/div> <span class=\"ti-read-more\" data-container=\".ti-review-content\" data-collapse-text=\"Ukryj\" data-open-text=\"Czytaj wi\u0119cej\"><\/span> <\/div> <\/div>  <div data-empty=\"0\" class=\"ti-review-item source-Google\" > <div class=\"ti-inner\"> <div class=\"ti-review-header\"> <div class=\"ti-profile-img\"> <img decoding=\"async\" src=\"https:\/\/lh3.googleusercontent.com\/a\/AEdFTp59LthHVvsY9bnPnzCalGvM_20hXaRMqfSpymkg=s120-c-c-rp-w64-h64-mo-ba2-br100\" alt=\"Agata Kisielewicz\" \/> <\/div> <div class=\"ti-profile-details\"> <div class=\"ti-name\"> Agata Kisielewicz <\/div> <div class=\"ti-date\"><\/div> <\/div> <\/div> <span class=\"ti-stars\"><span class=\"ti-star f\"><\/span><span class=\"ti-star f\"><\/span><span class=\"ti-star f\"><\/span><span class=\"ti-star f\"><\/span><span class=\"ti-star f\"><\/span><\/span> <div class=\"ti-review-content\"><!-- R-CONTENT -->Profesjonalna agencja ubepieczeniowa - polecam!<!-- R-CONTENT --><\/div> <span class=\"ti-read-more\" data-container=\".ti-review-content\" data-collapse-text=\"Ukryj\" data-open-text=\"Czytaj wi\u0119cej\"><\/span> <\/div> <\/div>  <div data-empty=\"0\" class=\"ti-review-item source-Google\" > <div class=\"ti-inner\"> <div class=\"ti-review-header\"> <div class=\"ti-profile-img\"> <img decoding=\"async\" src=\"https:\/\/lh3.googleusercontent.com\/a\/AEdFTp4IfvqIsDENZ0oADobWhge5JrQw0yI4NluevnXk=s120-c-c-rp-w64-h64-mo-br100\" alt=\"Tomasz Bartulski\" \/> <\/div> <div class=\"ti-profile-details\"> <div class=\"ti-name\"> Tomasz Bartulski <\/div> <div class=\"ti-date\"><\/div> <\/div> <\/div> <span class=\"ti-stars\"><span class=\"ti-star f\"><\/span><span class=\"ti-star f\"><\/span><span class=\"ti-star f\"><\/span><span class=\"ti-star f\"><\/span><span class=\"ti-star f\"><\/span><\/span> <div class=\"ti-review-content\"><!-- R-CONTENT -->Super obs\u0142uga. Polecam<!-- R-CONTENT --><\/div> <span class=\"ti-read-more\" data-container=\".ti-review-content\" data-collapse-text=\"Ukryj\" data-open-text=\"Czytaj wi\u0119cej\"><\/span> <\/div> <\/div>  <div data-empty=\"0\" class=\"ti-review-item source-Google\" > <div class=\"ti-inner\"> <div class=\"ti-review-header\"> <div class=\"ti-profile-img\"> <img decoding=\"async\" src=\"https:\/\/lh3.googleusercontent.com\/a\/AEdFTp6mcclZHmSl8oCSRP_fqjqr3erlaB1xPIDg8nNO=s120-c-c-rp-w64-h64-mo-br100\" alt=\"Bernadetta Szewczak\" \/> <\/div> <div class=\"ti-profile-details\"> <div class=\"ti-name\"> Bernadetta Szewczak <\/div> <div class=\"ti-date\"><\/div> <\/div> <\/div> <span class=\"ti-stars\"><span class=\"ti-star f\"><\/span><span class=\"ti-star f\"><\/span><span class=\"ti-star f\"><\/span><span class=\"ti-star f\"><\/span><span class=\"ti-star f\"><\/span><\/span> <div class=\"ti-review-content\"><!-- R-CONTENT -->Profesjonalisci dbaj\u0105 o klienta. Polecam<!-- R-CONTENT --><\/div> <span class=\"ti-read-more\" data-container=\".ti-review-content\" data-collapse-text=\"Ukryj\" data-open-text=\"Czytaj wi\u0119cej\"><\/span> <\/div> <\/div>  <div data-empty=\"0\" class=\"ti-review-item source-Google\" > <div class=\"ti-inner\"> <div class=\"ti-review-header\"> <div class=\"ti-profile-img\"> <img decoding=\"async\" src=\"https:\/\/lh3.googleusercontent.com\/a-\/AD5-WCkanTgscTPPrOUvdkx-gKqOeyEtJF_-esX7BrVtAQ=s120-c-c-rp-w64-h64-mo-ba4-br100\" alt=\"Bart\u0142omiej kk\" \/> <\/div> <div class=\"ti-profile-details\"> <div class=\"ti-name\"> Bart\u0142omiej kk <\/div> <div class=\"ti-date\"><\/div> <\/div> <\/div> <span class=\"ti-stars\"><span class=\"ti-star f\"><\/span><span class=\"ti-star f\"><\/span><span class=\"ti-star f\"><\/span><span class=\"ti-star f\"><\/span><span class=\"ti-star f\"><\/span><\/span> <div class=\"ti-review-content\"><!-- R-CONTENT -->Jak zawsze us\u0142uga na najwy\u017cszym poziomie \ud83d\udcaa\ud83e\udd1d<!-- R-CONTENT --><\/div> <span class=\"ti-read-more\" data-container=\".ti-review-content\" data-collapse-text=\"Ukryj\" data-open-text=\"Czytaj wi\u0119cej\"><\/span> <\/div> <\/div>  <\/div> <div class=\"ti-controls-dots\"> <div class=\"dot active\"><\/div> <\/div> <\/div> <div class=\"ti-footer\"> <div class=\"ti-rating-text\"> <span class=\"nowrap\">Og\u00f3lna ocena <strong>Google<\/strong><\/span><span class=\"nowrap\"><strong>5<\/strong>\/5, <\/span><span class=\"nowrap\">na podstawie <strong>16 opinii<\/strong><\/span> <\/div> <\/div> <\/div> <\/div>\n","protected":false},"excerpt":{"rendered":"<p>WITAMY SERDECZNIE NA STRONIE Agencji Ubezpieczeniowej COLMAR COLMAR s.c. dzia\u0142a na rynku ubezpieczeniowym od roku 1994. W ofercie naszej firmy znajdziecie Pa\u0144stwo ubezpieczenia komunikacyjne OC,\u00a0AC, ubezpieczenie mieszka\u0144, dom\u00f3w, ubezpieczenia podr\u00f3\u017cne, koszt\u00f3w leczenia, NNW i wiele innych w tym ubezpieczenia na \u017cycie. Oferujemy r\u00f3wnie\u017c kompleksowe ubezpieczenia dla firm, ubezpieczenia grupowe, OC\u00a0dzia\u0142alno\u015bci gospodarczej oraz ubezpieczenia finansowe, kontraktowe i gwarancje wadialne. Obs\u0142ugujemy klient\u00f3w z terenu Warszawy i najbli\u017cszych okolic. Zapraszamy do zapoznania si\u0119 z nasz\u0105 ofert\u0105 ubezpieczeniow\u0105, a w razie pyta\u0144, do\u00a0kontaktu z naszym biurem.<\/p>\n","protected":false},"author":1,"featured_media":0,"parent":0,"menu_order":0,"comment_status":"closed","ping_status":"closed","template":"","meta":{"footnotes":""},"class_list":["post-470","page","type-page","status-publish","hentry"],"blocksy_meta":{"styles_descriptor":{"styles":{"desktop":"","tablet":"","mobile":""},"google_fonts":[],"version":5}},"yoast_head":"<!-- This site is optimized with the Yoast SEO plugin v20.4 - https:\/\/yoast.com\/wordpress\/plugins\/seo\/ -->\n<title>Ubezpieczenia - Colmar Ubezpieczenia<\/title>\n<meta name=\"robots\" content=\"index, follow, max-snippet:-1, max-image-preview:large, max-video-preview:-1\" \/>\n<link rel=\"canonical\" href=\"https:\/\/www.colmar-ubezpieczenia.pl\/\" \/>\n<meta property=\"og:locale\" content=\"pl_PL\" \/>\n<meta property=\"og:type\" content=\"article\" \/>\n<meta property=\"og:title\" content=\"Ubezpieczenia - Colmar Ubezpieczenia\" \/>\n<meta property=\"og:description\" content=\"WITAMY SERDECZNIE NA STRONIE Agencji Ubezpieczeniowej COLMAR COLMAR s.c. dzia\u0142a na rynku ubezpieczeniowym od roku 1994. W ofercie naszej firmy znajdziecie Pa\u0144stwo ubezpieczenia komunikacyjne OC,\u00a0AC, ubezpieczenie mieszka\u0144, dom\u00f3w, ubezpieczenia podr\u00f3\u017cne, koszt\u00f3w leczenia, NNW i wiele innych w tym ubezpieczenia na \u017cycie. Oferujemy r\u00f3wnie\u017c kompleksowe ubezpieczenia dla firm, ubezpieczenia grupowe, OC\u00a0dzia\u0142alno\u015bci gospodarczej oraz ubezpieczenia finansowe, kontraktowe i gwarancje wadialne. Obs\u0142ugujemy klient\u00f3w z terenu Warszawy i najbli\u017cszych okolic. Zapraszamy do zapoznania si\u0119 z nasz\u0105 ofert\u0105 ubezpieczeniow\u0105, a w razie pyta\u0144, do\u00a0kontaktu z naszym biurem.\" \/>\n<meta property=\"og:url\" content=\"https:\/\/www.colmar-ubezpieczenia.pl\/\" \/>\n<meta property=\"og:site_name\" content=\"Colmar Ubezpieczenia\" \/>\n<meta property=\"article:modified_time\" content=\"2023-04-12T14:35:34+00:00\" \/>\n<meta property=\"og:image\" content=\"http:\/\/serwer2332110.home.pl\/autoinstalator\/wordpressplugins\/wp-content\/uploads\/2023\/02\/Start.jpg\" \/>\n<meta name=\"twitter:card\" content=\"summary_large_image\" \/>\n<meta name=\"twitter:label1\" content=\"Szacowany czas czytania\" \/>\n\t<meta name=\"twitter:data1\" content=\"1 minuta\" \/>\n<script type=\"application\/ld+json\" class=\"yoast-schema-graph\">{\"@context\":\"https:\/\/schema.org\",\"@graph\":[{\"@type\":\"WebPage\",\"@id\":\"https:\/\/www.colmar-ubezpieczenia.pl\/\",\"url\":\"https:\/\/www.colmar-ubezpieczenia.pl\/\",\"name\":\"Ubezpieczenia - Colmar Ubezpieczenia\",\"isPartOf\":{\"@id\":\"https:\/\/www.colmar-ubezpieczenia.pl\/#website\"},\"datePublished\":\"2023-01-21T00:19:09+00:00\",\"dateModified\":\"2023-04-12T14:35:34+00:00\",\"breadcrumb\":{\"@id\":\"https:\/\/www.colmar-ubezpieczenia.pl\/#breadcrumb\"},\"inLanguage\":\"pl-PL\",\"potentialAction\":[{\"@type\":\"ReadAction\",\"target\":[\"https:\/\/www.colmar-ubezpieczenia.pl\/\"]}]},{\"@type\":\"BreadcrumbList\",\"@id\":\"https:\/\/www.colmar-ubezpieczenia.pl\/#breadcrumb\",\"itemListElement\":[{\"@type\":\"ListItem\",\"position\":1,\"name\":\"Home\",\"item\":\"https:\/\/www.colmar-ubezpieczenia.pl\/\"},{\"@type\":\"ListItem\",\"position\":2,\"name\":\"Ubezpieczenia\"}]},{\"@type\":\"WebSite\",\"@id\":\"https:\/\/www.colmar-ubezpieczenia.pl\/#website\",\"url\":\"https:\/\/www.colmar-ubezpieczenia.pl\/\",\"name\":\"Colmar Ubezpieczenia\",\"description\":\"\",\"publisher\":{\"@id\":\"https:\/\/www.colmar-ubezpieczenia.pl\/#organization\"},\"potentialAction\":[{\"@type\":\"SearchAction\",\"target\":{\"@type\":\"EntryPoint\",\"urlTemplate\":\"https:\/\/www.colmar-ubezpieczenia.pl\/?s={search_term_string}\"},\"query-input\":\"required name=search_term_string\"}],\"inLanguage\":\"pl-PL\"},{\"@type\":\"Organization\",\"@id\":\"https:\/\/www.colmar-ubezpieczenia.pl\/#organization\",\"name\":\"Colmar Ubezpieczenia\",\"url\":\"https:\/\/www.colmar-ubezpieczenia.pl\/\",\"logo\":{\"@type\":\"ImageObject\",\"inLanguage\":\"pl-PL\",\"@id\":\"https:\/\/www.colmar-ubezpieczenia.pl\/#\/schema\/logo\/image\/\",\"url\":\"http:\/\/serwer2332110.home.pl\/autoinstalator\/wordpressplugins\/wp-content\/uploads\/2023\/01\/colmar-logo.gif\",\"contentUrl\":\"http:\/\/serwer2332110.home.pl\/autoinstalator\/wordpressplugins\/wp-content\/uploads\/2023\/01\/colmar-logo.gif\",\"width\":240,\"height\":115,\"caption\":\"Colmar Ubezpieczenia\"},\"image\":{\"@id\":\"https:\/\/www.colmar-ubezpieczenia.pl\/#\/schema\/logo\/image\/\"}}]}<\/script>\n<!-- \/ Yoast SEO plugin. -->","yoast_head_json":{"title":"Ubezpieczenia - Colmar Ubezpieczenia","robots":{"index":"index","follow":"follow","max-snippet":"max-snippet:-1","max-image-preview":"max-image-preview:large","max-video-preview":"max-video-preview:-1"},"canonical":"https:\/\/www.colmar-ubezpieczenia.pl\/","og_locale":"pl_PL","og_type":"article","og_title":"Ubezpieczenia - Colmar Ubezpieczenia","og_description":"WITAMY SERDECZNIE NA STRONIE Agencji Ubezpieczeniowej COLMAR COLMAR s.c. dzia\u0142a na rynku ubezpieczeniowym od roku 1994. W ofercie naszej firmy znajdziecie Pa\u0144stwo ubezpieczenia komunikacyjne OC,\u00a0AC, ubezpieczenie mieszka\u0144, dom\u00f3w, ubezpieczenia podr\u00f3\u017cne, koszt\u00f3w leczenia, NNW i wiele innych w tym ubezpieczenia na \u017cycie. Oferujemy r\u00f3wnie\u017c kompleksowe ubezpieczenia dla firm, ubezpieczenia grupowe, OC\u00a0dzia\u0142alno\u015bci gospodarczej oraz ubezpieczenia finansowe, kontraktowe i gwarancje wadialne. Obs\u0142ugujemy klient\u00f3w z terenu Warszawy i najbli\u017cszych okolic. Zapraszamy do zapoznania si\u0119 z nasz\u0105 ofert\u0105 ubezpieczeniow\u0105, a w razie pyta\u0144, do\u00a0kontaktu z naszym biurem.","og_url":"https:\/\/www.colmar-ubezpieczenia.pl\/","og_site_name":"Colmar Ubezpieczenia","article_modified_time":"2023-04-12T14:35:34+00:00","og_image":[{"url":"http:\/\/serwer2332110.home.pl\/autoinstalator\/wordpressplugins\/wp-content\/uploads\/2023\/02\/Start.jpg"}],"twitter_card":"summary_large_image","twitter_misc":{"Szacowany czas czytania":"1 minuta"},"schema":{"@context":"https:\/\/schema.org","@graph":[{"@type":"WebPage","@id":"https:\/\/www.colmar-ubezpieczenia.pl\/","url":"https:\/\/www.colmar-ubezpieczenia.pl\/","name":"Ubezpieczenia - Colmar Ubezpieczenia","isPartOf":{"@id":"https:\/\/www.colmar-ubezpieczenia.pl\/#website"},"datePublished":"2023-01-21T00:19:09+00:00","dateModified":"2023-04-12T14:35:34+00:00","breadcrumb":{"@id":"https:\/\/www.colmar-ubezpieczenia.pl\/#breadcrumb"},"inLanguage":"pl-PL","potentialAction":[{"@type":"ReadAction","target":["https:\/\/www.colmar-ubezpieczenia.pl\/"]}]},{"@type":"BreadcrumbList","@id":"https:\/\/www.colmar-ubezpieczenia.pl\/#breadcrumb","itemListElement":[{"@type":"ListItem","position":1,"name":"Home","item":"https:\/\/www.colmar-ubezpieczenia.pl\/"},{"@type":"ListItem","position":2,"name":"Ubezpieczenia"}]},{"@type":"WebSite","@id":"https:\/\/www.colmar-ubezpieczenia.pl\/#website","url":"https:\/\/www.colmar-ubezpieczenia.pl\/","name":"Colmar Ubezpieczenia","description":"","publisher":{"@id":"https:\/\/www.colmar-ubezpieczenia.pl\/#organization"},"potentialAction":[{"@type":"SearchAction","target":{"@type":"EntryPoint","urlTemplate":"https:\/\/www.colmar-ubezpieczenia.pl\/?s={search_term_string}"},"query-input":"required name=search_term_string"}],"inLanguage":"pl-PL"},{"@type":"Organization","@id":"https:\/\/www.colmar-ubezpieczenia.pl\/#organization","name":"Colmar Ubezpieczenia","url":"https:\/\/www.colmar-ubezpieczenia.pl\/","logo":{"@type":"ImageObject","inLanguage":"pl-PL","@id":"https:\/\/www.colmar-ubezpieczenia.pl\/#\/schema\/logo\/image\/","url":"http:\/\/serwer2332110.home.pl\/autoinstalator\/wordpressplugins\/wp-content\/uploads\/2023\/01\/colmar-logo.gif","contentUrl":"http:\/\/serwer2332110.home.pl\/autoinstalator\/wordpressplugins\/wp-content\/uploads\/2023\/01\/colmar-logo.gif","width":240,"height":115,"caption":"Colmar Ubezpieczenia"},"image":{"@id":"https:\/\/www.colmar-ubezpieczenia.pl\/#\/schema\/logo\/image\/"}}]}},"_links":{"self":[{"href":"http:\/\/www.colmar-ubezpieczenia.pl\/index.php\/wp-json\/wp\/v2\/pages\/470","targetHints":{"allow":["GET"]}}],"collection":[{"href":"http:\/\/www.colmar-ubezpieczenia.pl\/index.php\/wp-json\/wp\/v2\/pages"}],"about":[{"href":"http:\/\/www.colmar-ubezpieczenia.pl\/index.php\/wp-json\/wp\/v2\/types\/page"}],"author":[{"embeddable":true,"href":"http:\/\/www.colmar-ubezpieczenia.pl\/index.php\/wp-json\/wp\/v2\/users\/1"}],"replies":[{"embeddable":true,"href":"http:\/\/www.colmar-ubezpieczenia.pl\/index.php\/wp-json\/wp\/v2\/comments?post=470"}],"version-history":[{"count":35,"href":"http:\/\/www.colmar-ubezpieczenia.pl\/index.php\/wp-json\/wp\/v2\/pages\/470\/revisions"}],"predecessor-version":[{"id":846,"href":"http:\/\/www.colmar-ubezpieczenia.pl\/index.php\/wp-json\/wp\/v2\/pages\/470\/revisions\/846"}],"wp:attachment":[{"href":"http:\/\/www.colmar-ubezpieczenia.pl\/index.php\/wp-json\/wp\/v2\/media?parent=470"}],"curies":[{"name":"wp","href":"https:\/\/api.w.org\/{rel}","templated":true}]}}